{"id":3539,"date":"2025-09-23T12:21:35","date_gmt":"2025-09-23T12:21:35","guid":{"rendered":"https:\/\/srijayamcars.com\/?page_id=3539"},"modified":"2025-09-23T12:56:10","modified_gmt":"2025-09-23T12:56:10","slug":"wheel-balancing-alignment","status":"publish","type":"page","link":"https:\/\/srijayamcars.com\/?page_id=3539","title":{"rendered":"Wheel Balancing &amp; Alignment"},"content":{"rendered":"<p class=\"attachment\"><a href='https:\/\/srijayamcars.com\/wp-content\/uploads\/2025\/09\/Have-you-realized-your-fuel-efficiency-decreasing_-It-may-be-a-sign-of-a-necessary-wheel-alignment_-Let-us-check-for-you-today-AutoCheck-MissouriCity-Texas.jpeg'><img fetchpriority=\"high\" decoding=\"async\" width=\"300\" height=\"200\" src=\"https:\/\/srijayamcars.com\/wp-content\/uploads\/2025\/09\/Have-you-realized-your-fuel-efficiency-decreasing_-It-may-be-a-sign-of-a-necessary-wheel-alignment_-Let-us-check-for-you-today-AutoCheck-MissouriCity-Texas-300x200.jpeg\" class=\"attachment-medium size-medium\" alt=\"\" srcset=\"https:\/\/srijayamcars.com\/wp-content\/uploads\/2025\/09\/Have-you-realized-your-fuel-efficiency-decreasing_-It-may-be-a-sign-of-a-necessary-wheel-alignment_-Let-us-check-for-you-today-AutoCheck-MissouriCity-Texas-300x200.jpeg 300w, https:\/\/srijayamcars.com\/wp-content\/uploads\/2025\/09\/Have-you-realized-your-fuel-efficiency-decreasing_-It-may-be-a-sign-of-a-necessary-wheel-alignment_-Let-us-check-for-you-today-AutoCheck-MissouriCity-Texas-600x400.jpeg 600w, https:\/\/srijayamcars.com\/wp-content\/uploads\/2025\/09\/Have-you-realized-your-fuel-efficiency-decreasing_-It-may-be-a-sign-of-a-necessary-wheel-alignment_-Let-us-check-for-you-today-AutoCheck-MissouriCity-Texas.jpeg 650w\" sizes=\"(max-width: 300px) 100vw, 300px\" \/><\/a><\/p>\n\t\t<div data-elementor-type=\"wp-page\" data-elementor-id=\"3539\" class=\"elementor elementor-3539\">\n\t\t\t\t<div class=\"elementor-element elementor-element-8e5be53 e-con-full e-flex wpr-particle-no wpr-jarallax-no wpr-parallax-no wpr-sticky-section-no e-con e-child\" data-id=\"8e5be53\" data-element_type=\"container\">\n\t\t\t\t<div class=\"elementor-element elementor-element-ba05f57 elementor-widget elementor-widget-heading\" data-id=\"ba05f57\" data-element_type=\"widget\" data-widget_type=\"heading.default\">\n\t\t\t\t<div class=\"elementor-widget-container\">\n\t\t\t\t\t<h2 class=\"elementor-heading-title elementor-size-default\">Sri Jayam Cars<\/h2>\t\t\t\t<\/div>\n\t\t\t\t<\/div>\n\t\t\t\t<div class=\"elementor-element elementor-element-1ed7ac5 elementor-widget elementor-widget-heading\" data-id=\"1ed7ac5\" data-element_type=\"widget\" data-widget_type=\"heading.default\">\n\t\t\t\t<div class=\"elementor-widget-container\">\n\t\t\t\t\t<h5 class=\"elementor-heading-title elementor-size-default\">Wheel balancing &amp; Alignment<\/h5>\t\t\t\t<\/div>\n\t\t\t\t<\/div>\n\t\t\t\t<\/div>\n\t\t<div class=\"elementor-element elementor-element-d64d3c0 e-con-full e-flex wpr-particle-no wpr-jarallax-no wpr-parallax-no wpr-sticky-section-no elementor-invisible e-con e-parent\" data-id=\"d64d3c0\" data-element_type=\"container\" data-settings=\"{&quot;animation&quot;:&quot;slideInUp&quot;}\">\n\t\t\t\t<div class=\"elementor-element elementor-element-7759fad wpr-grid-columns-4 wpr-grid-columns--tablet2 wpr-grid-columns--laptop4 wpr-grid-columns--mobile1 wpr-grid-pagination-center elementor-widget elementor-widget-wpr-media-grid\" data-id=\"7759fad\" data-element_type=\"widget\" data-widget_type=\"wpr-media-grid.default\">\n\t\t\t\t<div class=\"elementor-widget-container\">\n\t\t\t\t\t<section class=\"wpr-grid wpr-media-grid elementor-clearfix\" data-settings=\"{&quot;layout&quot;:&quot;masonry&quot;,&quot;columns_desktop&quot;:&quot;4&quot;,&quot;gutter_hr&quot;:20,&quot;gutter_hr_mobile&quot;:20,&quot;gutter_hr_mobile_extra&quot;:20,&quot;gutter_hr_tablet&quot;:20,&quot;gutter_hr_tablet_extra&quot;:20,&quot;gutter_hr_laptop&quot;:20,&quot;gutter_hr_widescreen&quot;:20,&quot;gutter_vr&quot;:10,&quot;gutter_vr_mobile&quot;:10,&quot;gutter_vr_mobile_extra&quot;:10,&quot;gutter_vr_tablet&quot;:10,&quot;gutter_vr_tablet_extra&quot;:10,&quot;gutter_vr_laptop&quot;:10,&quot;gutter_vr_widescreen&quot;:10,&quot;animation&quot;:&quot;default&quot;,&quot;animation_duration&quot;:0.3,&quot;animation_delay&quot;:0.1,&quot;deeplinking&quot;:&quot;&quot;,&quot;filters_default_filter&quot;:&quot;&quot;,&quot;filters_linkable&quot;:&quot;no&quot;,&quot;filters_count&quot;:&quot;&quot;,&quot;filters_hide_empty&quot;:&quot;no&quot;,&quot;filters_animation&quot;:&quot;default&quot;,&quot;filters_animation_duration&quot;:0.3,&quot;filters_animation_delay&quot;:0.1,&quot;pagination_type&quot;:&quot;load-more&quot;,&quot;pagination_max_pages&quot;:1,&quot;lightbox&quot;:{&quot;selector&quot;:&quot;.wpr-grid-image-wrap&quot;,&quot;iframeMaxWidth&quot;:&quot;60%&quot;,&quot;hash&quot;:false,&quot;autoplay&quot;:&quot;true&quot;,&quot;pause&quot;:5000,&quot;progressBar&quot;:&quot;true&quot;,&quot;counter&quot;:&quot;true&quot;,&quot;controls&quot;:&quot;true&quot;,&quot;getCaptionFromTitleOrAlt&quot;:&quot;true&quot;,&quot;thumbnail&quot;:&quot;&quot;,&quot;showThumbByDefault&quot;:&quot;&quot;,&quot;share&quot;:&quot;&quot;,&quot;zoom&quot;:&quot;true&quot;,&quot;fullScreen&quot;:&quot;true&quot;,&quot;download&quot;:&quot;true&quot;}}\"><article class=\"wpr-grid-item elementor-clearfix post-3549 attachment type-attachment status-inherit hentry\"><div class=\"wpr-grid-item-inner\"><div class=\"wpr-grid-media-wrap wpr-effect-size-small \"><div class=\"wpr-grid-image-wrap\" data-src=\"https:\/\/srijayamcars.com\/wp-content\/uploads\/2025\/09\/Mecanico-de-automoveis-que-faz-a-verificacao-da-pressao-dos-pneus-do-carro-na-roda-removida-na-garagem-de-servico-automatico-_-Foto-Premium.jpeg\"><img decoding=\"async\" src=\"https:\/\/srijayamcars.com\/wp-content\/uploads\/2025\/09\/Mecanico-de-automoveis-que-faz-a-verificacao-da-pressao-dos-pneus-do-carro-na-roda-removida-na-garagem-de-servico-automatico-_-Foto-Premium.jpeg\" alt=\"Mec\u00e2nico de autom\u00f3veis que faz a verifica\u00e7\u00e3o da press\u00e3o dos pneus do carro na roda removida na garagem de servi\u00e7o autom\u00e1tico _ Foto Premium\" class=\"wpr-anim-timing-ease-default\"><\/div><div class=\"wpr-grid-media-hover wpr-animation-wrap\"><div class=\"wpr-grid-media-hover-bg  wpr-overlay-fade-in wpr-anim-size-large wpr-anim-timing-ease-default wpr-anim-transparency\" data-url=\"https:\/\/srijayamcars.com\/?attachment_id=3549\"><\/div><div class=\"wpr-cv-container\"><div class=\"wpr-cv-outer\"><div class=\"wpr-cv-inner\"><div class=\"wpr-grid-media-hover-middle elementor-clearfix\"><div class=\"wpr-grid-item-lightbox elementor-repeater-item-095dd3f wpr-grid-item-display-block wpr-grid-item-align-center wpr-element-fade-in wpr-anim-size-large wpr-anim-timing-ease-default wpr-anim-transparency\"><div class=\"inner-block\"><span data-src=\"https:\/\/srijayamcars.com\/wp-content\/uploads\/2025\/09\/Mecanico-de-automoveis-que-faz-a-verificacao-da-pressao-dos-pneus-do-carro-na-roda-removida-na-garagem-de-servico-automatico-_-Foto-Premium.jpeg\"><i class=\"fas fa-expand-arrows-alt\"><\/i><\/span><div class=\"wpr-grid-lightbox-overlay\"><\/div><\/div><\/div><\/div><\/div><\/div><\/div><\/div><\/div><\/div><\/article><article class=\"wpr-grid-item elementor-clearfix post-3550 attachment type-attachment status-inherit hentry\"><div class=\"wpr-grid-item-inner\"><div class=\"wpr-grid-media-wrap wpr-effect-size-small \"><div class=\"wpr-grid-image-wrap\" data-src=\"https:\/\/srijayamcars.com\/wp-content\/uploads\/2025\/09\/How-to-do-a-Wheel-Alignment-on-a-Car.jpeg\"><img decoding=\"async\" src=\"https:\/\/srijayamcars.com\/wp-content\/uploads\/2025\/09\/How-to-do-a-Wheel-Alignment-on-a-Car.jpeg\" alt=\"How to do a Wheel Alignment on a Car\" class=\"wpr-anim-timing-ease-default\"><\/div><div class=\"wpr-grid-media-hover wpr-animation-wrap\"><div class=\"wpr-grid-media-hover-bg  wpr-overlay-fade-in wpr-anim-size-large wpr-anim-timing-ease-default wpr-anim-transparency\" data-url=\"https:\/\/srijayamcars.com\/?attachment_id=3550\"><\/div><div class=\"wpr-cv-container\"><div class=\"wpr-cv-outer\"><div class=\"wpr-cv-inner\"><div class=\"wpr-grid-media-hover-middle elementor-clearfix\"><div class=\"wpr-grid-item-lightbox elementor-repeater-item-095dd3f wpr-grid-item-display-block wpr-grid-item-align-center wpr-element-fade-in wpr-anim-size-large wpr-anim-timing-ease-default wpr-anim-transparency\"><div class=\"inner-block\"><span data-src=\"https:\/\/srijayamcars.com\/wp-content\/uploads\/2025\/09\/How-to-do-a-Wheel-Alignment-on-a-Car.jpeg\"><i class=\"fas fa-expand-arrows-alt\"><\/i><\/span><div class=\"wpr-grid-lightbox-overlay\"><\/div><\/div><\/div><\/div><\/div><\/div><\/div><\/div><\/div><\/div><\/article><article class=\"wpr-grid-item elementor-clearfix post-3551 attachment type-attachment status-inherit hentry\"><div class=\"wpr-grid-item-inner\"><div class=\"wpr-grid-media-wrap wpr-effect-size-small \"><div class=\"wpr-grid-image-wrap\" data-src=\"https:\/\/srijayamcars.com\/wp-content\/uploads\/2025\/09\/JCCarCare-StCharles-Missouri-Cars-Automotive-AutoRepair-Maintenance.jpeg\"><img decoding=\"async\" src=\"https:\/\/srijayamcars.com\/wp-content\/uploads\/2025\/09\/JCCarCare-StCharles-Missouri-Cars-Automotive-AutoRepair-Maintenance.jpeg\" alt=\"#JCCarCare #StCharles #Missouri #Cars #Automotive #AutoRepair #Maintenance\" class=\"wpr-anim-timing-ease-default\"><\/div><div class=\"wpr-grid-media-hover wpr-animation-wrap\"><div class=\"wpr-grid-media-hover-bg  wpr-overlay-fade-in wpr-anim-size-large wpr-anim-timing-ease-default wpr-anim-transparency\" data-url=\"https:\/\/srijayamcars.com\/?attachment_id=3551\"><\/div><div class=\"wpr-cv-container\"><div class=\"wpr-cv-outer\"><div class=\"wpr-cv-inner\"><div class=\"wpr-grid-media-hover-middle elementor-clearfix\"><div class=\"wpr-grid-item-lightbox elementor-repeater-item-095dd3f wpr-grid-item-display-block wpr-grid-item-align-center wpr-element-fade-in wpr-anim-size-large wpr-anim-timing-ease-default wpr-anim-transparency\"><div class=\"inner-block\"><span data-src=\"https:\/\/srijayamcars.com\/wp-content\/uploads\/2025\/09\/JCCarCare-StCharles-Missouri-Cars-Automotive-AutoRepair-Maintenance.jpeg\"><i class=\"fas fa-expand-arrows-alt\"><\/i><\/span><div class=\"wpr-grid-lightbox-overlay\"><\/div><\/div><\/div><\/div><\/div><\/div><\/div><\/div><\/div><\/div><\/article><article class=\"wpr-grid-item elementor-clearfix post-3552 attachment type-attachment status-inherit hentry\"><div class=\"wpr-grid-item-inner\"><div class=\"wpr-grid-media-wrap wpr-effect-size-small \"><div class=\"wpr-grid-image-wrap\" data-src=\"https:\/\/srijayamcars.com\/wp-content\/uploads\/2025\/09\/download-2-1.jpeg\"><img decoding=\"async\" src=\"https:\/\/srijayamcars.com\/wp-content\/uploads\/2025\/09\/download-2-1.jpeg\" alt=\"download (2)\" class=\"wpr-anim-timing-ease-default\"><\/div><div class=\"wpr-grid-media-hover wpr-animation-wrap\"><div class=\"wpr-grid-media-hover-bg  wpr-overlay-fade-in wpr-anim-size-large wpr-anim-timing-ease-default wpr-anim-transparency\" data-url=\"https:\/\/srijayamcars.com\/?attachment_id=3552\"><\/div><div class=\"wpr-cv-container\"><div class=\"wpr-cv-outer\"><div class=\"wpr-cv-inner\"><div class=\"wpr-grid-media-hover-middle elementor-clearfix\"><div class=\"wpr-grid-item-lightbox elementor-repeater-item-095dd3f wpr-grid-item-display-block wpr-grid-item-align-center wpr-element-fade-in wpr-anim-size-large wpr-anim-timing-ease-default wpr-anim-transparency\"><div class=\"inner-block\"><span data-src=\"https:\/\/srijayamcars.com\/wp-content\/uploads\/2025\/09\/download-2-1.jpeg\"><i class=\"fas fa-expand-arrows-alt\"><\/i><\/span><div class=\"wpr-grid-lightbox-overlay\"><\/div><\/div><\/div><\/div><\/div><\/div><\/div><\/div><\/div><\/div><\/article><article class=\"wpr-grid-item elementor-clearfix post-3553 attachment type-attachment status-inherit hentry\"><div class=\"wpr-grid-item-inner\"><div class=\"wpr-grid-media-wrap wpr-effect-size-small \"><div class=\"wpr-grid-image-wrap\" data-src=\"https:\/\/srijayamcars.com\/wp-content\/uploads\/2025\/09\/Have-you-realized-your-fuel-efficiency-decreasing_-It-may-be-a-sign-of-a-necessary-wheel-alignment_-Let-us-check-for-you-today-AutoCheck-MissouriCity-Texas.jpeg\"><img decoding=\"async\" src=\"https:\/\/srijayamcars.com\/wp-content\/uploads\/2025\/09\/Have-you-realized-your-fuel-efficiency-decreasing_-It-may-be-a-sign-of-a-necessary-wheel-alignment_-Let-us-check-for-you-today-AutoCheck-MissouriCity-Texas.jpeg\" alt=\"Have you realized your fuel efficiency decreasing_ It may be a sign of a necessary wheel alignment_ Let us check for you today! #AutoCheck #MissouriCity #Texas\" class=\"wpr-anim-timing-ease-default\"><\/div><div class=\"wpr-grid-media-hover wpr-animation-wrap\"><div class=\"wpr-grid-media-hover-bg  wpr-overlay-fade-in wpr-anim-size-large wpr-anim-timing-ease-default wpr-anim-transparency\" data-url=\"https:\/\/srijayamcars.com\/?attachment_id=3553\"><\/div><div class=\"wpr-cv-container\"><div class=\"wpr-cv-outer\"><div class=\"wpr-cv-inner\"><div class=\"wpr-grid-media-hover-middle elementor-clearfix\"><div class=\"wpr-grid-item-lightbox elementor-repeater-item-095dd3f wpr-grid-item-display-block wpr-grid-item-align-center wpr-element-fade-in wpr-anim-size-large wpr-anim-timing-ease-default wpr-anim-transparency\"><div class=\"inner-block\"><span data-src=\"https:\/\/srijayamcars.com\/wp-content\/uploads\/2025\/09\/Have-you-realized-your-fuel-efficiency-decreasing_-It-may-be-a-sign-of-a-necessary-wheel-alignment_-Let-us-check-for-you-today-AutoCheck-MissouriCity-Texas.jpeg\"><i class=\"fas fa-expand-arrows-alt\"><\/i><\/span><div class=\"wpr-grid-lightbox-overlay\"><\/div><\/div><\/div><\/div><\/div><\/div><\/div><\/div><\/div><\/div><\/article><\/section>\t\t\t\t<\/div>\n\t\t\t\t<\/div>\n\t\t\t\t<\/div>\n\t\t<div class=\"elementor-element elementor-element-cf4410c e-flex e-con-boxed wpr-particle-no wpr-jarallax-no wpr-parallax-no wpr-sticky-section-no e-con e-parent\" data-id=\"cf4410c\" data-element_type=\"container\">\n\t\t\t\t\t<div class=\"e-con-inner\">\n\t\t\t\t<div class=\"elementor-element elementor-element-415af64 elementor-widget elementor-widget-spacer\" data-id=\"415af64\" data-element_type=\"widget\" data-widget_type=\"spacer.default\">\n\t\t\t\t<div class=\"elementor-widget-container\">\n\t\t\t\t\t\t\t<div class=\"elementor-spacer\">\n\t\t\t<div class=\"elementor-spacer-inner\"><\/div>\n\t\t<\/div>\n\t\t\t\t\t\t<\/div>\n\t\t\t\t<\/div>\n\t\t\t\t<div class=\"elementor-element elementor-element-12c9473 elementor-align-center elementor-widget elementor-widget-button\" data-id=\"12c9473\" data-element_type=\"widget\" data-widget_type=\"button.default\">\n\t\t\t\t<div class=\"elementor-widget-container\">\n\t\t\t\t\t\t\t\t\t<div class=\"elementor-button-wrapper\">\n\t\t\t\t\t<a class=\"elementor-button elementor-button-link elementor-size-sm\" href=\"https:\/\/srijayamcars.com\/\">\n\t\t\t\t\t\t<span class=\"elementor-button-content-wrapper\">\n\t\t\t\t\t\t<span class=\"elementor-button-icon\">\n\t\t\t\t<svg aria-hidden=\"true\" class=\"e-font-icon-svg e-fas-long-arrow-alt-right\" viewBox=\"0 0 448 512\" xmlns=\"http:\/\/www.w3.org\/2000\/svg\"><path d=\"M313.941 216H12c-6.627 0-12 5.373-12 12v56c0 6.627 5.373 12 12 12h301.941v46.059c0 21.382 25.851 32.09 40.971 16.971l86.059-86.059c9.373-9.373 9.373-24.569 0-33.941l-86.059-86.059c-15.119-15.119-40.971-4.411-40.971 16.971V216z\"><\/path><\/svg>\t\t\t<\/span>\n\t\t\t\t\t\t\t\t\t<span class=\"elementor-button-text\">Back<\/span>\n\t\t\t\t\t<\/span>\n\t\t\t\t\t<\/a>\n\t\t\t\t<\/div>\n\t\t\t\t\t\t\t\t<\/div>\n\t\t\t\t<\/div>\n\t\t\t\t\t<\/div>\n\t\t\t\t<\/div>\n\t\t\t\t<\/div>\n\t\t","protected":false},"excerpt":{"rendered":"<p>Sri Jayam Cars Wheel balancing &amp; Alignment Back<\/p>\n","protected":false},"author":1,"featured_media":0,"parent":0,"menu_order":0,"comment_status":"closed","ping_status":"closed","template":"","meta":{"_eb_attr":"","footnotes":""},"_links":{"self":[{"href":"https:\/\/srijayamcars.com\/index.php?rest_route=\/wp\/v2\/pages\/3539"}],"collection":[{"href":"https:\/\/srijayamcars.com\/index.php?rest_route=\/wp\/v2\/pages"}],"about":[{"href":"https:\/\/srijayamcars.com\/index.php?rest_route=\/wp\/v2\/types\/page"}],"author":[{"embeddable":true,"href":"https:\/\/srijayamcars.com\/index.php?rest_route=\/wp\/v2\/users\/1"}],"replies":[{"embeddable":true,"href":"https:\/\/srijayamcars.com\/index.php?rest_route=%2Fwp%2Fv2%2Fcomments&post=3539"}],"version-history":[{"count":7,"href":"https:\/\/srijayamcars.com\/index.php?rest_route=\/wp\/v2\/pages\/3539\/revisions"}],"predecessor-version":[{"id":3602,"href":"https:\/\/srijayamcars.com\/index.php?rest_route=\/wp\/v2\/pages\/3539\/revisions\/3602"}],"wp:attachment":[{"href":"https:\/\/srijayamcars.com\/index.php?rest_route=%2Fwp%2Fv2%2Fmedia&parent=3539"}],"curies":[{"name":"wp","href":"https:\/\/api.w.org\/{rel}","templated":true}]}}